{"id":8835,"date":"2022-07-26T08:32:39","date_gmt":"2022-07-26T08:32:39","guid":{"rendered":"https:\/\/farm-ing.com\/otisk\/"},"modified":"2025-03-25T13:36:26","modified_gmt":"2025-03-25T13:36:26","slug":"otisk","status":"publish","type":"page","link":"https:\/\/farm-ing.com\/cs\/otisk\/","title":{"rendered":"Otisk"},"content":{"rendered":"\t\t<div data-elementor-type=\"wp-page\" data-elementor-id=\"8835\" class=\"elementor elementor-8835\" data-elementor-post-type=\"page\">\n\t\t\t\t\t\t<section class=\"elementor-section elementor-top-section elementor-element elementor-element-38cae742 elementor-section-boxed elementor-section-height-default elementor-section-height-default\" data-id=\"38cae742\" data-element_type=\"section\">\n\t\t\t\t\t\t<div class=\"elementor-container elementor-column-gap-default\">\n\t\t\t\t\t<div class=\"elementor-column elementor-col-100 elementor-top-column elementor-element elementor-element-5e4416eb\" data-id=\"5e4416eb\" data-element_type=\"column\">\n\t\t\t<div class=\"elementor-widget-wrap elementor-element-populated\">\n\t\t\t\t\t\t<div class=\"elementor-element elementor-element-73256e00 elementor-widget elementor-widget-text-editor\" data-id=\"73256e00\" data-element_type=\"widget\" data-widget_type=\"text-editor.default\">\n\t\t\t\t<div class=\"elementor-widget-container\">\n\t\t\t\t\t\t\t\t\t<p><\/p>\n<p>Spole\u010dnost:  &nbsp;&nbsp;&nbsp;&nbsp;&nbsp;&nbsp;&nbsp;&nbsp;&nbsp;&nbsp; &nbsp;&nbsp;&nbsp;&nbsp;&nbsp;&nbsp;&nbsp;&nbsp;&nbsp;&nbsp;&nbsp;&nbsp;&nbsp;&nbsp;&nbsp;Farm-ING Smart Farm Equipment FlexCo<br>Majitel firmy: Ing. Gregor Witzmann MSc, MBA<br>Adresa: &nbsp;&nbsp;&nbsp;&nbsp;&nbsp;&nbsp;&nbsp;&nbsp;&nbsp;&nbsp;&nbsp;&nbsp;&nbsp;&nbsp;&nbsp;&nbsp;&nbsp;&nbsp;&nbsp;&nbsp;&nbsp;  Poigen 39, 3580 St. Bernhard &#8211; Frauenhofen<br>E-Mail:&nbsp; &nbsp;&nbsp;&nbsp;&nbsp;&nbsp;&nbsp;&nbsp;&nbsp;&nbsp;&nbsp;&nbsp;&nbsp;&nbsp;&nbsp;&nbsp;&nbsp;&nbsp;&nbsp;&nbsp;&nbsp;&nbsp;&nbsp;&nbsp;office@farm-ing.com<br>Webov\u00e9 str\u00e1nky:&nbsp;&nbsp;&nbsp;&nbsp;&nbsp;&nbsp;&nbsp;&nbsp;&nbsp;&nbsp;&nbsp;&nbsp;&nbsp;&nbsp;&nbsp;&nbsp;&nbsp;&nbsp;&nbsp;&nbsp;&nbsp;www.farm-ing.at<br>UID:&nbsp;<strong>&nbsp;&nbsp;&nbsp;&nbsp;&nbsp;&nbsp;&nbsp;&nbsp;&nbsp;&nbsp;&nbsp;&nbsp;&nbsp;&nbsp;&nbsp;&nbsp;&nbsp;&nbsp;&nbsp;&nbsp;&nbsp;&nbsp;&nbsp;&nbsp;&nbsp;&nbsp;&nbsp;&nbsp;&nbsp;&nbsp;<\/strong>ATU78225305<br>FN:&nbsp;&nbsp;&nbsp;&nbsp;&nbsp;&nbsp;&nbsp;&nbsp;&nbsp;&nbsp;&nbsp;&nbsp;&nbsp;&nbsp;&nbsp;&nbsp;&nbsp;&nbsp;&nbsp;&nbsp;&nbsp;&nbsp;&nbsp;&nbsp;&nbsp;&nbsp;&nbsp;&nbsp;&nbsp;&nbsp;&nbsp;&nbsp;&nbsp;580273v<br>M\u00edsto p\u0159\u00edslu\u0161nosti:&nbsp;&nbsp;&nbsp;&nbsp;&nbsp;&nbsp;&nbsp;LG Krems<\/p>\n<p><\/p>\n<p><\/p>\n<h4>Zve\u0159ejn\u011bn\u00ed informac\u00ed<\/h4>\n<p><\/p>\n<p>Prohl\u00e1\u0161en\u00ed o z\u00e1kladn\u00edm sm\u011b\u0159ov\u00e1n\u00ed webov\u00fdch str\u00e1nek a zpravodaje: Tyto webov\u00e9 str\u00e1nky a zpravodaj poskytuj\u00ed informace o produktech a slu\u017eb\u00e1ch spole\u010dnosti Farm-Ing. Tyto informace spl\u0148uj\u00ed po\u017eadavky (rakousk\u00e9ho) \u00a7 5 ECG a zve\u0159ejn\u011bn\u00ed podle \u00a7 25 MedienG.  <\/p>\n<p><\/p>\n<p>\u200d<\/p>\n<p><\/p>\n<h4>Odm\u00edtnut\u00ed odpov\u011bdnosti<\/h4>\n<p><\/p>\n<p>I p\u0159es pe\u010dlivou kontrolu obsahu nep\u0159eb\u00edr\u00e1me \u017e\u00e1dnou odpov\u011bdnost za obsah extern\u00edch odkaz\u016f. Za obsah odkazovan\u00fdch str\u00e1nek odpov\u00eddaj\u00ed v\u00fdhradn\u011b jejich provozovatel\u00e9. <\/p>\n<p><\/p>\n<h4>Autorsk\u00e1 pr\u00e1va<\/h4>\n<p><\/p>\n<p>Obsah a d\u00edla vytvo\u0159en\u00e1 provozovateli str\u00e1nek na t\u011bchto str\u00e1nk\u00e1ch podl\u00e9haj\u00ed rakousk\u00e9mu autorsk\u00e9mu pr\u00e1vu. Duplikace, zpracov\u00e1n\u00ed, distribuce a jak\u00e1koli forma komercializace t\u011bchto materi\u00e1l\u016f nad r\u00e1mec autorsk\u00e9ho z\u00e1kona vy\u017eaduje p\u0159edchoz\u00ed p\u00edsemn\u00fd souhlas p\u0159\u00edslu\u0161n\u00e9ho autora nebo tv\u016frce. Stahov\u00e1n\u00ed a kop\u00edrov\u00e1n\u00ed t\u011bchto str\u00e1nek je povoleno pouze pro soukrom\u00e9, nekomer\u010dn\u00ed pou\u017eit\u00ed. Pokud obsah t\u011bchto str\u00e1nek nebyl vytvo\u0159en provozovatelem, jsou autorsk\u00e1 pr\u00e1va t\u0159et\u00edch stran respektov\u00e1na. Zejm\u00e9na obsah t\u0159et\u00edch stran je takto ozna\u010den. Pokud se p\u0159esto dozv\u00edte o poru\u0161en\u00ed autorsk\u00fdch pr\u00e1v, informujte n\u00e1s o tom. Pokud se o poru\u0161en\u00ed autorsk\u00fdch pr\u00e1v dozv\u00edme, neprodlen\u011b takov\u00fd obsah odstran\u00edme.      <\/p>\n<p><\/p>\t\t\t\t\t\t\t\t<\/div>\n\t\t\t\t<\/div>\n\t\t\t\t\t<\/div>\n\t\t<\/div>\n\t\t\t\t\t<\/div>\n\t\t<\/section>\n\t\t\t\t<\/div>\n\t\t","protected":false},"excerpt":{"rendered":"<p>Spole\u010dnost: &nbsp;&nbsp;&nbsp;&nbsp;&nbsp;&nbsp;&nbsp;&nbsp;&nbsp;&nbsp; &nbsp;&nbsp;&nbsp;&nbsp;&nbsp;&nbsp;&nbsp;&nbsp;&nbsp;&nbsp;&nbsp;&nbsp;&nbsp;&nbsp;&nbsp;Farm-ING Smart Farm Equipment FlexCoMajitel firmy: Ing. Gregor Witzmann MSc, MBAAdresa: &nbsp;&nbsp;&nbsp;&nbsp;&nbsp;&nbsp;&nbsp;&nbsp;&nbsp;&nbsp;&nbsp;&nbsp;&nbsp;&nbsp;&nbsp;&nbsp;&nbsp;&nbsp;&nbsp;&nbsp;&nbsp; Poigen 39, 3580 St. Bernhard &#8211; FrauenhofenE-Mail:&nbsp; &nbsp;&nbsp;&nbsp;&nbsp;&nbsp;&nbsp;&nbsp;&nbsp;&nbsp;&nbsp;&nbsp;&nbsp;&nbsp;&nbsp;&nbsp;&nbsp;&nbsp;&nbsp;&nbsp;&nbsp;&nbsp;&nbsp;&nbsp;office@farm-ing.comWebov\u00e9 str\u00e1nky:&nbsp;&nbsp;&nbsp;&nbsp;&nbsp;&nbsp;&nbsp;&nbsp;&nbsp;&nbsp;&nbsp;&nbsp;&nbsp;&nbsp;&nbsp;&nbsp;&nbsp;&nbsp;&nbsp;&nbsp;&nbsp;www.farm-ing.atUID:&nbsp;&nbsp;&nbsp;&nbsp;&nbsp;&nbsp;&nbsp;&nbsp;&nbsp;&nbsp;&nbsp;&nbsp;&nbsp;&nbsp;&nbsp;&nbsp;&nbsp;&nbsp;&nbsp;&nbsp;&nbsp;&nbsp;&nbsp;&nbsp;&nbsp;&nbsp;&nbsp;&nbsp;&nbsp;&nbsp;&nbsp;ATU78225305FN:&nbsp;&nbsp;&nbsp;&nbsp;&nbsp;&nbsp;&nbsp;&nbsp;&nbsp;&nbsp;&nbsp;&nbsp;&nbsp;&nbsp;&nbsp;&nbsp;&nbsp;&nbsp;&nbsp;&nbsp;&nbsp;&nbsp;&nbsp;&nbsp;&nbsp;&nbsp;&nbsp;&nbsp;&nbsp;&nbsp;&nbsp;&nbsp;&nbsp;580273vM\u00edsto p\u0159\u00edslu\u0161nosti:&nbsp;&nbsp;&nbsp;&nbsp;&nbsp;&nbsp;&nbsp;LG Krems Zve\u0159ejn\u011bn\u00ed informac\u00ed Prohl\u00e1\u0161en\u00ed o z\u00e1kladn\u00edm sm\u011b\u0159ov\u00e1n\u00ed webov\u00fdch str\u00e1nek a zpravodaje: Tyto webov\u00e9 str\u00e1nky a zpravodaj poskytuj\u00ed informace o produktech a slu\u017eb\u00e1ch spole\u010dnosti Farm-Ing. Tyto informace spl\u0148uj\u00ed po\u017eadavky (rakousk\u00e9ho) \u00a7 5 [&hellip;]<\/p>\n","protected":false},"author":2,"featured_media":0,"parent":0,"menu_order":0,"comment_status":"closed","ping_status":"closed","template":"","meta":{"footnotes":""},"class_list":["post-8835","page","type-page","status-publish","hentry"],"blocksy_meta":{"styles_descriptor":{"styles":{"desktop":"","tablet":"","mobile":""},"google_fonts":[],"version":6}},"_links":{"self":[{"href":"https:\/\/farm-ing.com\/cs\/wp-json\/wp\/v2\/pages\/8835","targetHints":{"allow":["GET"]}}],"collection":[{"href":"https:\/\/farm-ing.com\/cs\/wp-json\/wp\/v2\/pages"}],"about":[{"href":"https:\/\/farm-ing.com\/cs\/wp-json\/wp\/v2\/types\/page"}],"author":[{"embeddable":true,"href":"https:\/\/farm-ing.com\/cs\/wp-json\/wp\/v2\/users\/2"}],"replies":[{"embeddable":true,"href":"https:\/\/farm-ing.com\/cs\/wp-json\/wp\/v2\/comments?post=8835"}],"version-history":[{"count":2,"href":"https:\/\/farm-ing.com\/cs\/wp-json\/wp\/v2\/pages\/8835\/revisions"}],"predecessor-version":[{"id":8850,"href":"https:\/\/farm-ing.com\/cs\/wp-json\/wp\/v2\/pages\/8835\/revisions\/8850"}],"wp:attachment":[{"href":"https:\/\/farm-ing.com\/cs\/wp-json\/wp\/v2\/media?parent=8835"}],"curies":[{"name":"wp","href":"https:\/\/api.w.org\/{rel}","templated":true}]}}